{"id":112,"date":"2019-09-17T05:48:20","date_gmt":"2019-09-17T05:48:20","guid":{"rendered":"https:\/\/www.demo.cosmoswp.com\/demo-1\/?page_id=250"},"modified":"2024-01-26T10:27:21","modified_gmt":"2024-01-26T10:27:21","slug":"contacto","status":"publish","type":"page","link":"https:\/\/lalagunadentista.es\/en\/contacto\/","title":{"rendered":"Contacto"},"content":{"rendered":"\n<section id=\"section-4fb2d445-b3c3-42d0-8910-2cc3b267f3ba\" class=\"wp-block-gutentor-advanced-columns gutentor-section gutentor-advanced-columns has-color-bg has-custom-bg\"><div class=\"grid-container\"><div class=\"grid-row\">\n<div id=\"section-53a95e5d-a03d-46b4-9301-91a7df3c6014\" class=\"wp-block-gutentor-single-column gutentor-single-column  grid-lg-6 grid-md-12 grid-12\">\n<section id=\"section-484dae69-ef60-4096-b3da-bb7af14cd239\" class=\"wp-block-gutentor-content-box gutentor-section gutentor-content-box-wrapper content-template1\"><div class=\"grid-container gutentor-rm-ct-space\"><div class=\"grid-row gutentor-grid-item-wrap gutentor-rm-row-space\"><div class=\"gutentor-grid-column grid-lg-12 grid-md-12 grid-12 gutentor-rm-col-space\"><div class=\"gutentor-single-item gutentor-single-item-0\"><div class=\"gutentor-single-item-wrap\"><div class=\"gutentor-single-item-content\"><h4 class=\"gutentor-single-item-title\">Informaci\u00f3n de contacto<\/h4><p class=\"gutentor-single-item-desc\"><strong>Direcci\u00f3n:<\/strong>\u00a0Avenida de la Trinidad, 3 2\u00ba Izquierda<br><strong>Tel\u00e9fono:<\/strong>\u00a0922 263 917<br><strong>Email:<\/strong>\u00a0<a href=\"mailto:info@demo.com\">info@<\/a>lalagunadentista.es <\/p><\/div><\/div><\/div><\/div><\/div><\/div><\/section>\n<\/div>\n\n\n\n<div id=\"section-c1bc5ba0-1d77-4953-815c-a99f750149fa\" class=\"wp-block-gutentor-single-column gutentor-single-column  grid-lg-6 grid-md-12 grid-12\">\n\n<div class=\"wpcf7 no-js\" id=\"wpcf7-f73-o1\" lang=\"en-US\" dir=\"ltr\">\n<div class=\"screen-reader-response\"><p role=\"status\" aria-live=\"polite\" aria-atomic=\"true\"><\/p> <ul><\/ul><\/div>\n<form action=\"\/wp-json\/wp\/v2\/pages\/112#wpcf7-f73-o1\" method=\"post\" class=\"wpcf7-form init demo\" aria-label=\"Contact form\" novalidate=\"novalidate\" data-status=\"init\">\n<div style=\"display: none;\">\n<input type=\"hidden\" name=\"_wpcf7\" value=\"73\" \/>\n<input type=\"hidden\" name=\"_wpcf7_version\" value=\"5.8.6\" \/>\n<input type=\"hidden\" name=\"_wpcf7_locale\" value=\"en_US\" \/>\n<input type=\"hidden\" name=\"_wpcf7_unit_tag\" value=\"wpcf7-f73-o1\" \/>\n<input type=\"hidden\" name=\"_wpcf7_container_post\" value=\"0\" \/>\n<input type=\"hidden\" name=\"_wpcf7_posted_data_hash\" value=\"\" \/>\n<input type=\"hidden\" name=\"lang\" value=\"en\" \/>\n<\/div>\n<p><label><span class=\"wpcf7-form-control-wrap\" data-name=\"text-822\"><input size=\"40\" class=\"wpcf7-form-control wpcf7-text wpcf7-validates-as-required\" aria-required=\"true\" aria-invalid=\"false\" placeholder=\"Nombre\" value=\"\" type=\"text\" name=\"text-822\" \/><\/span><\/label>\n<\/p>\n<p><label><span class=\"wpcf7-form-control-wrap\" data-name=\"Telfono\"><input size=\"40\" class=\"wpcf7-form-control wpcf7-tel wpcf7-validates-as-required wpcf7-text wpcf7-validates-as-tel\" aria-required=\"true\" aria-invalid=\"false\" placeholder=\"Tel\u00e9fono\" value=\"\" type=\"tel\" name=\"Telfono\" \/><\/span><\/label>\n<\/p>\n<p><label><span class=\"wpcf7-form-control-wrap\" data-name=\"textarea-831\"><textarea cols=\"40\" rows=\"10\" class=\"wpcf7-form-control wpcf7-textarea\" aria-invalid=\"false\" placeholder=\"Su mensaje\" name=\"textarea-831\"><\/textarea><\/span><\/label>\n<\/p>\n<p><input class=\"wpcf7-form-control wpcf7-submit has-spinner\" type=\"submit\" value=\"Enviar mensaje\" \/>\n<\/p><div class=\"wpcf7-response-output\" aria-hidden=\"true\"><\/div>\n<\/form>\n<\/div>\n\n\n\n\n<p><\/p>\n<\/div>\n<\/div><\/div><\/section>\n\n\n\n<div class=\"wp-block-columns is-layout-flex wp-container-core-columns-is-layout-9d6595d7 wp-block-columns-is-layout-flex\">\n<div class=\"wp-block-column is-layout-flow wp-block-column-is-layout-flow\">\n<p style=\"text-align: center;\"><iframe src=\"https:\/\/www.google.com\/maps\/embed?pb=!1m18!1m12!1m3!1d876.6879354958055!2d-16.31695362778627!3d28.487022200000013!2m3!1f0!2f0!3f0!3m2!1i1024!2i768!4f13.1!3m3!1m2!1s0xc41cdb8db6076f3%3A0xd4ea25a1f1f90efe!2sCl%C3%ADnica%20Dental%20Ana%20Mar%C3%ADa%20y%20Goretti!5e0!3m2!1ses!2ses!4v1706264392423!5m2!1ses!2ses\" width=\"600\" height=\"450\" style=\"border:0;\" allowfullscreen=\"\" loading=\"lazy\" referrerpolicy=\"no-referrer-when-downgrade\"><\/iframe><\/p>\n<\/div>\n<\/div>\n\n\n\n<hr class=\"wp-block-separator has-alpha-channel-opacity is-style-default\"\/>\n","protected":false},"excerpt":{"rendered":"","protected":false},"author":1,"featured_media":167,"parent":0,"menu_order":0,"comment_status":"closed","ping_status":"closed","template":"template-gutentor-full-width.php","meta":{"footnotes":""},"class_list":["post-112","page","type-page","status-publish","has-post-thumbnail","hentry"],"yoast_head":"<!-- This site is optimized with the Yoast SEO plugin v21.9 - https:\/\/yoast.com\/wordpress\/plugins\/seo\/ -->\n<title>Contacto - La Laguna Sonrie<\/title>\n<meta name=\"description\" content=\"\u00a1Sonr\u00ede con confianza en La Laguna! En nuestra cl\u00ednica dental, nos dedicamos a brindarte atenci\u00f3n de calidad para cuidar de tu salud bucal. La doctora Mar\u00eda Goretti Hern\u00e1ndez Rodr\u00edguez es una profesional apasionada y ofrece un trato muy personal a sus pacientes. Tu sonrisa es nuestra prioridad, \u00a1descubre el cuidado dental que mereces en nuestra cl\u00ednica en La Laguna!\" \/>\n<meta name=\"robots\" content=\"index, follow, max-snippet:-1, max-image-preview:large, max-video-preview:-1\" \/>\n<link rel=\"canonical\" href=\"https:\/\/lalagunadentista.es\/en\/contacto\/\" \/>\n<meta property=\"og:locale\" content=\"en_GB\" \/>\n<meta property=\"og:locale:alternate\" content=\"es_ES\" \/>\n<meta property=\"og:type\" content=\"article\" \/>\n<meta property=\"og:title\" content=\"Contacto - La Laguna Sonrie\" \/>\n<meta property=\"og:description\" content=\"\u00a1Sonr\u00ede con confianza en La Laguna! En nuestra cl\u00ednica dental, nos dedicamos a brindarte atenci\u00f3n de calidad para cuidar de tu salud bucal. La doctora Mar\u00eda Goretti Hern\u00e1ndez Rodr\u00edguez es una profesional apasionada y ofrece un trato muy personal a sus pacientes. Tu sonrisa es nuestra prioridad, \u00a1descubre el cuidado dental que mereces en nuestra cl\u00ednica en La Laguna!\" \/>\n<meta property=\"og:url\" content=\"https:\/\/lalagunadentista.es\/en\/contacto\/\" \/>\n<meta property=\"og:site_name\" content=\"La Laguna Sonrie\" \/>\n<meta property=\"article:modified_time\" content=\"2024-01-26T10:27:21+00:00\" \/>\n<meta property=\"og:image\" content=\"https:\/\/lalagunadentista.es\/wp-content\/uploads\/2024\/01\/Clinica-Dental-Goretti-6-scaled.jpg\" \/>\n\t<meta property=\"og:image:width\" content=\"2560\" \/>\n\t<meta property=\"og:image:height\" content=\"1707\" \/>\n\t<meta property=\"og:image:type\" content=\"image\/jpeg\" \/>\n<meta name=\"twitter:card\" content=\"summary_large_image\" \/>\n<meta name=\"twitter:label1\" content=\"Estimated reading time\" \/>\n\t<meta name=\"twitter:data1\" content=\"1 minute\" \/>\n<script type=\"application\/ld+json\" class=\"yoast-schema-graph\">{\"@context\":\"https:\/\/schema.org\",\"@graph\":[{\"@type\":[\"WebPage\",\"ContactPage\"],\"@id\":\"https:\/\/lalagunadentista.es\/contacto\/\",\"url\":\"https:\/\/lalagunadentista.es\/contacto\/\",\"name\":\"Contacto - La Laguna Sonrie\",\"isPartOf\":{\"@id\":\"https:\/\/lalagunadentista.es\/#website\"},\"datePublished\":\"2019-09-17T05:48:20+00:00\",\"dateModified\":\"2024-01-26T10:27:21+00:00\",\"description\":\"\u00a1Sonr\u00ede con confianza en La Laguna! En nuestra cl\u00ednica dental, nos dedicamos a brindarte atenci\u00f3n de calidad para cuidar de tu salud bucal. La doctora Mar\u00eda Goretti Hern\u00e1ndez Rodr\u00edguez es una profesional apasionada y ofrece un trato muy personal a sus pacientes. Tu sonrisa es nuestra prioridad, \u00a1descubre el cuidado dental que mereces en nuestra cl\u00ednica en La Laguna!\",\"breadcrumb\":{\"@id\":\"https:\/\/lalagunadentista.es\/contacto\/#breadcrumb\"},\"inLanguage\":\"en-GB\",\"potentialAction\":[{\"@type\":\"ReadAction\",\"target\":[\"https:\/\/lalagunadentista.es\/contacto\/\"]}]},{\"@type\":\"BreadcrumbList\",\"@id\":\"https:\/\/lalagunadentista.es\/contacto\/#breadcrumb\",\"itemListElement\":[{\"@type\":\"ListItem\",\"position\":1,\"name\":\"Portada\",\"item\":\"https:\/\/lalagunadentista.es\/\"},{\"@type\":\"ListItem\",\"position\":2,\"name\":\"Contacto\"}]},{\"@type\":\"WebSite\",\"@id\":\"https:\/\/lalagunadentista.es\/#website\",\"url\":\"https:\/\/lalagunadentista.es\/\",\"name\":\"La Laguna Sonrie\",\"description\":\"Clinica dental en La Laguna\",\"potentialAction\":[{\"@type\":\"SearchAction\",\"target\":{\"@type\":\"EntryPoint\",\"urlTemplate\":\"https:\/\/lalagunadentista.es\/?s={search_term_string}\"},\"query-input\":\"required name=search_term_string\"}],\"inLanguage\":\"en-GB\"}]}<\/script>\n<!-- \/ Yoast SEO plugin. -->","yoast_head_json":{"title":"Contacto - La Laguna Sonrie","description":"\u00a1Sonr\u00ede con confianza en La Laguna! En nuestra cl\u00ednica dental, nos dedicamos a brindarte atenci\u00f3n de calidad para cuidar de tu salud bucal. La doctora Mar\u00eda Goretti Hern\u00e1ndez Rodr\u00edguez es una profesional apasionada y ofrece un trato muy personal a sus pacientes. Tu sonrisa es nuestra prioridad, \u00a1descubre el cuidado dental que mereces en nuestra cl\u00ednica en La Laguna!","robots":{"index":"index","follow":"follow","max-snippet":"max-snippet:-1","max-image-preview":"max-image-preview:large","max-video-preview":"max-video-preview:-1"},"canonical":"https:\/\/lalagunadentista.es\/en\/contacto\/","og_locale":"en_GB","og_type":"article","og_title":"Contacto - La Laguna Sonrie","og_description":"\u00a1Sonr\u00ede con confianza en La Laguna! En nuestra cl\u00ednica dental, nos dedicamos a brindarte atenci\u00f3n de calidad para cuidar de tu salud bucal. La doctora Mar\u00eda Goretti Hern\u00e1ndez Rodr\u00edguez es una profesional apasionada y ofrece un trato muy personal a sus pacientes. Tu sonrisa es nuestra prioridad, \u00a1descubre el cuidado dental que mereces en nuestra cl\u00ednica en La Laguna!","og_url":"https:\/\/lalagunadentista.es\/en\/contacto\/","og_site_name":"La Laguna Sonrie","article_modified_time":"2024-01-26T10:27:21+00:00","og_image":[{"width":2560,"height":1707,"url":"https:\/\/lalagunadentista.es\/wp-content\/uploads\/2024\/01\/Clinica-Dental-Goretti-6-scaled.jpg","type":"image\/jpeg"}],"twitter_card":"summary_large_image","twitter_misc":{"Estimated reading time":"1 minute"},"schema":{"@context":"https:\/\/schema.org","@graph":[{"@type":["WebPage","ContactPage"],"@id":"https:\/\/lalagunadentista.es\/contacto\/","url":"https:\/\/lalagunadentista.es\/contacto\/","name":"Contacto - La Laguna Sonrie","isPartOf":{"@id":"https:\/\/lalagunadentista.es\/#website"},"datePublished":"2019-09-17T05:48:20+00:00","dateModified":"2024-01-26T10:27:21+00:00","description":"\u00a1Sonr\u00ede con confianza en La Laguna! En nuestra cl\u00ednica dental, nos dedicamos a brindarte atenci\u00f3n de calidad para cuidar de tu salud bucal. La doctora Mar\u00eda Goretti Hern\u00e1ndez Rodr\u00edguez es una profesional apasionada y ofrece un trato muy personal a sus pacientes. Tu sonrisa es nuestra prioridad, \u00a1descubre el cuidado dental que mereces en nuestra cl\u00ednica en La Laguna!","breadcrumb":{"@id":"https:\/\/lalagunadentista.es\/contacto\/#breadcrumb"},"inLanguage":"en-GB","potentialAction":[{"@type":"ReadAction","target":["https:\/\/lalagunadentista.es\/contacto\/"]}]},{"@type":"BreadcrumbList","@id":"https:\/\/lalagunadentista.es\/contacto\/#breadcrumb","itemListElement":[{"@type":"ListItem","position":1,"name":"Portada","item":"https:\/\/lalagunadentista.es\/"},{"@type":"ListItem","position":2,"name":"Contacto"}]},{"@type":"WebSite","@id":"https:\/\/lalagunadentista.es\/#website","url":"https:\/\/lalagunadentista.es\/","name":"La Laguna Sonrie","description":"Clinica dental en La Laguna","potentialAction":[{"@type":"SearchAction","target":{"@type":"EntryPoint","urlTemplate":"https:\/\/lalagunadentista.es\/?s={search_term_string}"},"query-input":"required name=search_term_string"}],"inLanguage":"en-GB"}]}},"_links":{"self":[{"href":"https:\/\/lalagunadentista.es\/en\/wp-json\/wp\/v2\/pages\/112","targetHints":{"allow":["GET"]}}],"collection":[{"href":"https:\/\/lalagunadentista.es\/en\/wp-json\/wp\/v2\/pages"}],"about":[{"href":"https:\/\/lalagunadentista.es\/en\/wp-json\/wp\/v2\/types\/page"}],"author":[{"embeddable":true,"href":"https:\/\/lalagunadentista.es\/en\/wp-json\/wp\/v2\/users\/1"}],"replies":[{"embeddable":true,"href":"https:\/\/lalagunadentista.es\/en\/wp-json\/wp\/v2\/comments?post=112"}],"version-history":[{"count":12,"href":"https:\/\/lalagunadentista.es\/en\/wp-json\/wp\/v2\/pages\/112\/revisions"}],"predecessor-version":[{"id":356,"href":"https:\/\/lalagunadentista.es\/en\/wp-json\/wp\/v2\/pages\/112\/revisions\/356"}],"wp:featuredmedia":[{"embeddable":true,"href":"https:\/\/lalagunadentista.es\/en\/wp-json\/wp\/v2\/media\/167"}],"wp:attachment":[{"href":"https:\/\/lalagunadentista.es\/en\/wp-json\/wp\/v2\/media?parent=112"}],"curies":[{"name":"wp","href":"https:\/\/api.w.org\/{rel}","templated":true}]}}